{"id":66,"date":"2011-04-11T18:00:11","date_gmt":"2011-04-11T18:00:11","guid":{"rendered":"http:\/\/www.lhg.ufpr.br\/home\/?page_id=66"},"modified":"2022-03-28T13:30:43","modified_gmt":"2022-03-28T13:30:43","slug":"contato","status":"publish","type":"page","link":"http:\/\/www.lhg.ufpr.br\/home\/?page_id=66","title":{"rendered":"Contato"},"content":{"rendered":"\n<iframe src=\"https:\/\/www.google.com\/maps\/embed?pb=!1m14!1m8!1m3!1d1273.7154956867296!2d-49.2312872969651!3d-25.451250359843787!3m2!1i1024!2i768!4f13.1!3m3!1m2!1s0x0%3A0x1b30e08a3ca8de49!2sDepartamento%20de%20Geografia%20UFPR!5e0!3m2!1sen!2sbr!4v1648474193444!5m2!1sen!2sbr\" width=\"600\" height=\"450\" style=\"border:0;\" allowfullscreen=\"\" loading=\"lazy\" referrerpolicy=\"no-referrer-when-downgrade\"><\/iframe>\n\n\n<h5><strong>Laborat\u00f3rio de Hidrogeomorfologia<\/strong><br>Departamento de Geografia &#8211; UFPR<br>Centro Polit\u00e9cnico da UFPR &#8211; Edif\u00edcio Professor Jo\u00e3o Jos\u00e9 Bigarella, Sala 207<br>CEP 81531-990 Caixa Postal 19001<strong><br><\/strong>Jardim da Am\u00e9ricas &#8211; Curitiba &#8211; Paran\u00e1<strong><br><\/strong><\/h5>\n<h5><strong>Coordenador:<\/strong> Prof. Dr. Irani dos Santos<br><strong>E-mail:<\/strong> irani@ufpr.br<\/h5>\n<p><span style=\"font-size: small;\"><span style=\"line-height: 24px;\"><strong>&nbsp;<\/strong><\/span><\/span><\/p>","protected":false},"excerpt":{"rendered":"<p>Laborat\u00f3rio de HidrogeomorfologiaDepartamento de Geografia &#8211; UFPRCentro Polit\u00e9cnico da UFPR &#8211; Edif\u00edcio Professor Jo\u00e3o Jos\u00e9 Bigarella, Sala 207CEP 81531-990 Caixa Postal 19001Jardim da Am\u00e9ricas &#8211; Curitiba &#8211; Paran\u00e1 Coordenador: Prof. Dr. Irani dos SantosE-mail: irani@ufpr.br &nbsp;<\/p>\n","protected":false},"author":1,"featured_media":0,"parent":0,"menu_order":7,"comment_status":"closed","ping_status":"closed","template":"","meta":{"site-sidebar-layout":"default","site-content-layout":"default","ast-main-header-display":"","ast-hfb-above-header-display":"","ast-hfb-below-header-display":"","ast-hfb-mobile-header-display":"","site-post-title":"","ast-breadcrumbs-content":"","ast-featured-img":"","footer-sml-layout":"","theme-transparent-header-meta":"","adv-header-id-meta":"","stick-header-meta":"","header-above-stick-meta":"","header-main-stick-meta":"","header-below-stick-meta":""},"_links":{"self":[{"href":"http:\/\/www.lhg.ufpr.br\/home\/index.php?rest_route=\/wp\/v2\/pages\/66"}],"collection":[{"href":"http:\/\/www.lhg.ufpr.br\/home\/index.php?rest_route=\/wp\/v2\/pages"}],"about":[{"href":"http:\/\/www.lhg.ufpr.br\/home\/index.php?rest_route=\/wp\/v2\/types\/page"}],"author":[{"embeddable":true,"href":"http:\/\/www.lhg.ufpr.br\/home\/index.php?rest_route=\/wp\/v2\/users\/1"}],"replies":[{"embeddable":true,"href":"http:\/\/www.lhg.ufpr.br\/home\/index.php?rest_route=%2Fwp%2Fv2%2Fcomments&post=66"}],"version-history":[{"count":16,"href":"http:\/\/www.lhg.ufpr.br\/home\/index.php?rest_route=\/wp\/v2\/pages\/66\/revisions"}],"predecessor-version":[{"id":642,"href":"http:\/\/www.lhg.ufpr.br\/home\/index.php?rest_route=\/wp\/v2\/pages\/66\/revisions\/642"}],"wp:attachment":[{"href":"http:\/\/www.lhg.ufpr.br\/home\/index.php?rest_route=%2Fwp%2Fv2%2Fmedia&parent=66"}],"curies":[{"name":"wp","href":"https:\/\/api.w.org\/{rel}","templated":true}]}}